{"id":1401,"date":"2024-03-04T14:13:23","date_gmt":"2024-03-04T14:13:23","guid":{"rendered":"https:\/\/yelloyello.com\/?page_id=1401"},"modified":"2024-03-04T14:13:24","modified_gmt":"2024-03-04T14:13:24","slug":"kontakt","status":"publish","type":"page","link":"http:\/\/yelloyello.com\/sv\/kontakt\/","title":{"rendered":"Kontakt"},"content":{"rendered":"\n<p>F\u00f6r att komma i kontakt med YelloYello.com, v\u00e4nligen kontakta oss via e-post: contact@yelloyello.com<\/p>\n\n\n\n<p>F\u00f6rslagna \u00e4mnen:<\/p>\n\n\n\n<ul class=\"wp-block-list\">\n<li>Artikelf\u00f6rslag <\/li>\n\n\n\n<li>F\u00f6reslagna \u00e4ndringar <\/li>\n\n\n\n<li>\u00c5terkommande fr\u00e5gor\/FAQ <\/li>\n\n\n\n<li>Problem med hemsidan <\/li>\n\n\n\n<li>\u00d6vriga fr\u00e5gor<\/li>\n<\/ul>\n","protected":false},"excerpt":{"rendered":"<p>F\u00f6r att komma i kontakt med YelloYello.com, v\u00e4nligen kontakta oss via e-post: contact@yelloyello.com F\u00f6rslagna \u00e4mnen:<\/p>\n","protected":false},"author":1,"featured_media":0,"parent":0,"menu_order":0,"comment_status":"closed","ping_status":"closed","template":"","meta":{"footnotes":""},"class_list":["post-1401","page","type-page","status-publish","hentry"],"_links":{"self":[{"href":"http:\/\/yelloyello.com\/sv\/wp-json\/wp\/v2\/pages\/1401","targetHints":{"allow":["GET"]}}],"collection":[{"href":"http:\/\/yelloyello.com\/sv\/wp-json\/wp\/v2\/pages"}],"about":[{"href":"http:\/\/yelloyello.com\/sv\/wp-json\/wp\/v2\/types\/page"}],"author":[{"embeddable":true,"href":"http:\/\/yelloyello.com\/sv\/wp-json\/wp\/v2\/users\/1"}],"replies":[{"embeddable":true,"href":"http:\/\/yelloyello.com\/sv\/wp-json\/wp\/v2\/comments?post=1401"}],"version-history":[{"count":1,"href":"http:\/\/yelloyello.com\/sv\/wp-json\/wp\/v2\/pages\/1401\/revisions"}],"predecessor-version":[{"id":1402,"href":"http:\/\/yelloyello.com\/sv\/wp-json\/wp\/v2\/pages\/1401\/revisions\/1402"}],"wp:attachment":[{"href":"http:\/\/yelloyello.com\/sv\/wp-json\/wp\/v2\/media?parent=1401"}],"curies":[{"name":"wp","href":"https:\/\/api.w.org\/{rel}","templated":true}]}}