{"id":1439,"date":"2024-03-05T11:36:08","date_gmt":"2024-03-05T11:36:08","guid":{"rendered":"https:\/\/yelloyello.com\/?page_id=1439"},"modified":"2024-03-05T11:36:09","modified_gmt":"2024-03-05T11:36:09","slug":"datenschutzrichtlinie","status":"publish","type":"page","link":"https:\/\/yelloyello.com\/de\/datenschutzrichtlinie\/","title":{"rendered":"Datenschutzrichtlinie"},"content":{"rendered":"\n<h2 class=\"wp-block-heading\">Kommentare<\/h2>\n\n\n\n<p>Wenn Besucher Kommentare auf der Website hinterlassen, sammeln wir die Daten, die im Kommentarformular angezeigt werden, sowie die IP-Adresse und den Browser-User-Agent-String des Besuchers, um die Spam-Erkennung zu unterst\u00fctzen.<\/p>\n\n\n\n<h2 class=\"wp-block-heading\">Medien<\/h2>\n\n\n\n<p>Wenn Sie Bilder auf die Website hochladen, sollten Sie vermeiden, Bilder mit eingebetteten Standortdaten (EXIF GPS) hochzuladen. Besucher der Website k\u00f6nnen alle Standortdaten aus Bildern auf der Website herunterladen und extrahieren.<\/p>\n\n\n\n<h2 class=\"wp-block-heading\">Cookies<\/h2>\n\n\n\n<p>Wie viele Online-Dienste ist unsere Website auf First-Party- und Third-Party-Cookies angewiesen, und zwar aus verschiedenen Gr\u00fcnden. First-Party-Cookies sind f\u00fcr das ordnungsgem\u00e4\u00dfe Funktionieren der Website unerl\u00e4sslich, und sie speichern keine Ihrer pers\u00f6nlichen Informationen.<\/p>\n\n\n\n<p>Die Third-Party-Cookies, die wir auf unserer Website verwenden, helfen uns, die Leistung der Website, Ihr Engagement mit unserer Website, unsere Sicherheitsfunktionen, die Anzeigen, die Ihren Interessen entsprechen, und insgesamt Ihre Benutzererfahrung und -zufriedenheit zu messen. Sie machen auch Ihre zuk\u00fcnftigen Besuche auf unserer Website schneller und einfacher.<\/p>\n\n\n\n<p>Wenn Sie Ihre Auswahl sp\u00e4ter w\u00e4hrend Ihrer Browsersitzung \u00e4ndern m\u00f6chten, k\u00f6nnen Sie die Registerkarte \u201cDatenschutz- und Cookie-Richtlinie\u201d auf Ihrem Bildschirm ausw\u00e4hlen. Dies zeigt die Einwilligungserkl\u00e4rung erneut an, damit Sie Ihre Auswahl anpassen oder Ihre Einwilligung vollst\u00e4ndig widerrufen k\u00f6nnen.<\/p>\n\n\n\n<p>Au\u00dferdem haben verschiedene Browser unterschiedliche M\u00f6glichkeiten, Cookies zu blockieren und zu entfernen, die Websites verwenden. Sie k\u00f6nnen die Einstellungen Ihres Browsers \u00e4ndern, um die Cookies zu blockieren\/entfernen.<\/p>\n\n\n\n<h2 class=\"wp-block-heading\">Eingebettete Inhalte von anderen Websites<\/h2>\n\n\n\n<p>Artikel auf dieser Website k\u00f6nnen eingebettete Inhalte enthalten (z. B. Videos, Bilder, Artikel usw.). Eingebettete Inhalte von anderen Websites verhalten sich genau so, als ob der Besucher die andere Website besucht h\u00e4tte.<\/p>\n\n\n\n<p>Diese Websites k\u00f6nnen Daten \u00fcber Sie sammeln, Cookies verwenden, zus\u00e4tzliche Tracking-Dienste von Drittanbietern einbetten und Ihre Interaktion mit diesen eingebetteten Inhalten \u00fcberwachen, einschlie\u00dflich der Nachverfolgung Ihrer Interaktion mit den eingebetteten Inhalten.<\/p>\n\n\n\n<h2 class=\"wp-block-heading\">Wie lange wir Ihre Daten speichern<\/h2>\n\n\n\n<p>Wenn Sie einen Kommentar hinterlassen, werden der Kommentar und seine Metadaten auf unbestimmte Zeit gespeichert. Dies geschieht, damit wir Folgekommentare automatisch erkennen und genehmigen k\u00f6nnen, anstatt sie in einer Moderationsschlange zu halten. Website-Administratoren k\u00f6nnen diese Informationen auch sehen und bearbeiten.<\/p>\n\n\n\n<h2 class=\"wp-block-heading\">Welche Rechte Sie an Ihren Daten haben<\/h2>\n\n\n\n<p>Wenn Sie ein Konto auf dieser Website haben oder Kommentare hinterlassen haben, k\u00f6nnen Sie eine exportierte Datei der personenbezogenen Daten anfordern, die wir \u00fcber Sie speichern, einschlie\u00dflich aller Daten, die Sie uns zur Verf\u00fcgung gestellt haben. Sie k\u00f6nnen auch verlangen, dass wir alle personenbezogenen Daten, die wir \u00fcber Sie gespeichert haben, l\u00f6schen. Dies schlie\u00dft nicht die Daten ein, die wir aus administrativen, rechtlichen oder sicherheitsrelevanten Gr\u00fcnden aufbewahren m\u00fcssen.<\/p>\n\n\n\n<h2 class=\"wp-block-heading\">Wohin wir Ihre Daten senden<\/h2>\n\n\n\n<p>Besucherkommentare k\u00f6nnen durch einen automatisierten Spam-Erkennungsdienst \u00fcberpr\u00fcft werden.<\/p>\n","protected":false},"excerpt":{"rendered":"<p>Kommentare Wenn Besucher Kommentare auf der Website hinterlassen, sammeln wir die Daten, die im Kommentarformular angezeigt werden, sowie die IP-Adresse und den Browser-User-Agent-String des Besuchers, um die Spam-Erkennung zu unterst\u00fctzen. Medien Wenn Sie Bilder auf die Website hochladen, sollten Sie vermeiden, Bilder mit eingebetteten Standortdaten (EXIF GPS) hochzuladen. Besucher der Website k\u00f6nnen alle Standortdaten aus [&hellip;]<\/p>\n","protected":false},"author":1,"featured_media":0,"parent":0,"menu_order":0,"comment_status":"closed","ping_status":"closed","template":"","meta":{"footnotes":""},"class_list":["post-1439","page","type-page","status-publish","hentry"],"_links":{"self":[{"href":"https:\/\/yelloyello.com\/de\/wp-json\/wp\/v2\/pages\/1439","targetHints":{"allow":["GET"]}}],"collection":[{"href":"https:\/\/yelloyello.com\/de\/wp-json\/wp\/v2\/pages"}],"about":[{"href":"https:\/\/yelloyello.com\/de\/wp-json\/wp\/v2\/types\/page"}],"author":[{"embeddable":true,"href":"https:\/\/yelloyello.com\/de\/wp-json\/wp\/v2\/users\/1"}],"replies":[{"embeddable":true,"href":"https:\/\/yelloyello.com\/de\/wp-json\/wp\/v2\/comments?post=1439"}],"version-history":[{"count":1,"href":"https:\/\/yelloyello.com\/de\/wp-json\/wp\/v2\/pages\/1439\/revisions"}],"predecessor-version":[{"id":1440,"href":"https:\/\/yelloyello.com\/de\/wp-json\/wp\/v2\/pages\/1439\/revisions\/1440"}],"wp:attachment":[{"href":"https:\/\/yelloyello.com\/de\/wp-json\/wp\/v2\/media?parent=1439"}],"curies":[{"name":"wp","href":"https:\/\/api.w.org\/{rel}","templated":true}]}}