{"id":1479,"date":"2024-03-06T13:44:14","date_gmt":"2024-03-06T13:44:14","guid":{"rendered":"https:\/\/yelloyello.com\/?page_id=1479"},"modified":"2024-03-06T13:44:15","modified_gmt":"2024-03-06T13:44:15","slug":"tietosuojakaytanto","status":"publish","type":"page","link":"https:\/\/yelloyello.com\/fi\/tietosuojakaytanto\/","title":{"rendered":"Tietosuojak\u00e4yt\u00e4nt\u00f6"},"content":{"rendered":"\n<h2 class=\"wp-block-heading\">Kommentit<\/h2>\n\n\n\n<p>Kun k\u00e4vij\u00e4t j\u00e4tt\u00e4v\u00e4t kommentteja sivustolle, ker\u00e4\u00e4mme kommenttilomakkeessa n\u00e4kyv\u00e4t tiedot sek\u00e4 k\u00e4vij\u00e4n IP-osoitteen ja selaimen k\u00e4ytt\u00e4j\u00e4agenttimerkkijonon roskapostin tunnistamiseksi.<\/p>\n\n\n\n<h2 class=\"wp-block-heading\">Media<\/h2>\n\n\n\n<p>Jos lataat kuvia verkkosivustolle, v\u00e4lt\u00e4 kuvien lataamista, joissa on sis\u00e4\u00e4nrakennettu sijaintitieto (EXIF GPS). Sivuston k\u00e4vij\u00e4t voivat ladata ja poimia kaikki kuvien sijaintitiedot.<\/p>\n\n\n\n<h2 class=\"wp-block-heading\">Ev\u00e4steet<\/h2>\n\n\n\n<p>Kuten monet muutkin verkkopalvelut, verkkosivustomme k\u00e4ytt\u00e4\u00e4 ensimm\u00e4isen ja kolmannen osapuolen ev\u00e4steit\u00e4 eri syist\u00e4. Ensimm\u00e4isen osapuolen ev\u00e4steet ovat v\u00e4ltt\u00e4m\u00e4tt\u00f6mi\u00e4 verkkosivuston asianmukaiselle toiminnalle, eiv\u00e4tk\u00e4 ne tallenna henkil\u00f6kohtaisia tietojasi.<\/p>\n\n\n\n<p>Kolmannen osapuolen ev\u00e4steet, joita k\u00e4yt\u00e4mme verkkosivustollamme, auttavat meit\u00e4 mittaamaan verkkosivuston suorituskyky\u00e4, sitoutumistasi verkkosivustoomme, turvaominaisuuksiamme, sinua kiinnostavia mainoksia ja kokonaisvaltaisesti k\u00e4ytt\u00e4j\u00e4kokemustasi ja tyytyv\u00e4isyytt\u00e4si. Ne tekev\u00e4t my\u00f6s tulevat vierailusi verkkosivustollemme nopeammiksi ja helpommiksi.<\/p>\n\n\n\n<p>Jos haluat muuttaa valintojasi my\u00f6hemmin selausistuntosi aikana, voit valita n\u00e4yt\u00f6ll\u00e4si olevan \u201cTietosuoja- ja ev\u00e4stek\u00e4yt\u00e4nt\u00f6\u201d -v\u00e4lilehden. T\u00e4m\u00e4 n\u00e4ytt\u00e4\u00e4 suostumusilmoituksen uudelleen, jotta voit s\u00e4\u00e4t\u00e4\u00e4 valintojasi tai peruuttaa suostumuksesi kokonaan.<\/p>\n\n\n\n<p>Lis\u00e4ksi eri selaimilla on erilaisia tapoja est\u00e4\u00e4 ja poistaa verkkosivustojen k\u00e4ytt\u00e4mi\u00e4 ev\u00e4steit\u00e4. Voit muuttaa selaimesi asetuksia est\u00e4\u00e4ksesi\/poistaaksesi ev\u00e4steet.<\/p>\n\n\n\n<h2 class=\"wp-block-heading\">Muiden verkkosivustojen sis\u00e4lt\u00e4m\u00e4 sis\u00e4lt\u00f6<\/h2>\n\n\n\n<p>Artikkelit t\u00e4ll\u00e4 sivustolla voivat sis\u00e4lt\u00e4\u00e4 upotettua sis\u00e4lt\u00f6\u00e4 (esim. videot, kuvat, artikkelit jne.). Muiden verkkosivustojen upotettu sis\u00e4lt\u00f6 k\u00e4ytt\u00e4ytyy t\u00e4sm\u00e4lleen samalla tavalla kuin jos k\u00e4vij\u00e4 olisi vieraillut toisella verkkosivustolla.<\/p>\n\n\n\n<p>N\u00e4m\u00e4 verkkosivustot voivat ker\u00e4t\u00e4 tietoja sinusta, k\u00e4ytt\u00e4\u00e4 ev\u00e4steit\u00e4, upottaa lis\u00e4\u00e4 kolmannen osapuolen seurantaa ja valvoa vuorovaikutustasi kyseisen upotetun sis\u00e4ll\u00f6n kanssa, mukaan lukien vuorovaikutuksesi seurannan upotetun sis\u00e4ll\u00f6n kanssa.<\/p>\n\n\n\n<p>Kuinka kauan s\u00e4ilyt\u00e4mme tietojasi Jos j\u00e4t\u00e4t kommentin, kommentti ja sen metadata s\u00e4ilytet\u00e4\u00e4n ikuisesti. N\u00e4in voimme tunnistaa ja hyv\u00e4ksy\u00e4 mahdolliset jatkoseurannan kommentit automaattisesti sen sijaan, ett\u00e4 pit\u00e4isimme ne moderaatiojonossa. Verkkosivuston yll\u00e4pit\u00e4j\u00e4t voivat my\u00f6s n\u00e4hd\u00e4 ja muokata n\u00e4it\u00e4 tietoja.<\/p>\n\n\n\n<h2 class=\"wp-block-heading\">Mitk\u00e4 oikeudet sinulla on tietoihisi<\/h2>\n\n\n\n<p>Jos sinulla on tili t\u00e4ll\u00e4 sivustolla tai olet j\u00e4tt\u00e4nyt kommentteja, voit pyyt\u00e4\u00e4 saada viety\u00e4 tiedoston henkil\u00f6tiedoista, jotka meill\u00e4 on sinusta, mukaan lukien kaikki tiedot, jotka olet antanut meille. Voit my\u00f6s pyyt\u00e4\u00e4, ett\u00e4 poistamme kaikki henkil\u00f6tiedot, jotka meill\u00e4 on sinusta. T\u00e4m\u00e4 ei sis\u00e4ll\u00e4 mit\u00e4\u00e4n tietoja, joita meid\u00e4n on s\u00e4ilytett\u00e4v\u00e4 hallinnollisista, laillisista tai turvallisuussyist\u00e4.<\/p>\n\n\n\n<h2 class=\"wp-block-heading\">Minne tietosi l\u00e4hetet\u00e4\u00e4n<\/h2>\n\n\n\n<p>Vierailijoiden kommentit voidaan tarkistaa automatisoidun roskapostin tunnistuspalvelun kautta.<\/p>\n","protected":false},"excerpt":{"rendered":"<p>Kommentit Kun k\u00e4vij\u00e4t j\u00e4tt\u00e4v\u00e4t kommentteja sivustolle, ker\u00e4\u00e4mme kommenttilomakkeessa n\u00e4kyv\u00e4t tiedot sek\u00e4 k\u00e4vij\u00e4n IP-osoitteen ja selaimen k\u00e4ytt\u00e4j\u00e4agenttimerkkijonon roskapostin tunnistamiseksi. Media Jos lataat kuvia verkkosivustolle, v\u00e4lt\u00e4 kuvien lataamista, joissa on sis\u00e4\u00e4nrakennettu sijaintitieto (EXIF GPS). Sivuston k\u00e4vij\u00e4t voivat ladata ja poimia kaikki kuvien sijaintitiedot. Ev\u00e4steet Kuten monet muutkin verkkopalvelut, verkkosivustomme k\u00e4ytt\u00e4\u00e4 ensimm\u00e4isen ja kolmannen osapuolen ev\u00e4steit\u00e4 eri syist\u00e4. [&hellip;]<\/p>\n","protected":false},"author":1,"featured_media":0,"parent":0,"menu_order":0,"comment_status":"closed","ping_status":"closed","template":"","meta":{"footnotes":""},"class_list":["post-1479","page","type-page","status-publish","hentry"],"_links":{"self":[{"href":"https:\/\/yelloyello.com\/fi\/wp-json\/wp\/v2\/pages\/1479","targetHints":{"allow":["GET"]}}],"collection":[{"href":"https:\/\/yelloyello.com\/fi\/wp-json\/wp\/v2\/pages"}],"about":[{"href":"https:\/\/yelloyello.com\/fi\/wp-json\/wp\/v2\/types\/page"}],"author":[{"embeddable":true,"href":"https:\/\/yelloyello.com\/fi\/wp-json\/wp\/v2\/users\/1"}],"replies":[{"embeddable":true,"href":"https:\/\/yelloyello.com\/fi\/wp-json\/wp\/v2\/comments?post=1479"}],"version-history":[{"count":1,"href":"https:\/\/yelloyello.com\/fi\/wp-json\/wp\/v2\/pages\/1479\/revisions"}],"predecessor-version":[{"id":1480,"href":"https:\/\/yelloyello.com\/fi\/wp-json\/wp\/v2\/pages\/1479\/revisions\/1480"}],"wp:attachment":[{"href":"https:\/\/yelloyello.com\/fi\/wp-json\/wp\/v2\/media?parent=1479"}],"curies":[{"name":"wp","href":"https:\/\/api.w.org\/{rel}","templated":true}]}}