{"id":1481,"date":"2024-03-06T13:48:18","date_gmt":"2024-03-06T13:48:18","guid":{"rendered":"https:\/\/yelloyello.com\/?page_id=1481"},"modified":"2024-03-06T13:48:19","modified_gmt":"2024-03-06T13:48:19","slug":"ota-yhteytta","status":"publish","type":"page","link":"https:\/\/yelloyello.com\/fi\/ota-yhteytta\/","title":{"rendered":"Ota yhteytt\u00e4"},"content":{"rendered":"\n<p>Jos haluat ottaa yhteytt\u00e4 YelloYello.comiin, ota meihin yhteytt\u00e4 s\u00e4hk\u00f6postitse: contact@yelloyello.com<\/p>\n\n\n\n<p><strong>Aiheet voivat sis\u00e4lt\u00e4\u00e4:<\/strong><\/p>\n\n\n\n<ul class=\"wp-block-list\">\n<li>Artikkeliehdotukset <\/li>\n\n\n\n<li>Ehdotetut muokkaukset <\/li>\n\n\n\n<li>UKK <\/li>\n\n\n\n<li>Kotisivun ongelmat <\/li>\n\n\n\n<li>Muut kysymykset<\/li>\n<\/ul>\n","protected":false},"excerpt":{"rendered":"<p>Jos haluat ottaa yhteytt\u00e4 YelloYello.comiin, ota meihin yhteytt\u00e4 s\u00e4hk\u00f6postitse: contact@yelloyello.com Aiheet voivat sis\u00e4lt\u00e4\u00e4:<\/p>\n","protected":false},"author":1,"featured_media":0,"parent":0,"menu_order":0,"comment_status":"closed","ping_status":"closed","template":"","meta":{"footnotes":""},"class_list":["post-1481","page","type-page","status-publish","hentry"],"_links":{"self":[{"href":"https:\/\/yelloyello.com\/fi\/wp-json\/wp\/v2\/pages\/1481","targetHints":{"allow":["GET"]}}],"collection":[{"href":"https:\/\/yelloyello.com\/fi\/wp-json\/wp\/v2\/pages"}],"about":[{"href":"https:\/\/yelloyello.com\/fi\/wp-json\/wp\/v2\/types\/page"}],"author":[{"embeddable":true,"href":"https:\/\/yelloyello.com\/fi\/wp-json\/wp\/v2\/users\/1"}],"replies":[{"embeddable":true,"href":"https:\/\/yelloyello.com\/fi\/wp-json\/wp\/v2\/comments?post=1481"}],"version-history":[{"count":1,"href":"https:\/\/yelloyello.com\/fi\/wp-json\/wp\/v2\/pages\/1481\/revisions"}],"predecessor-version":[{"id":1482,"href":"https:\/\/yelloyello.com\/fi\/wp-json\/wp\/v2\/pages\/1481\/revisions\/1482"}],"wp:attachment":[{"href":"https:\/\/yelloyello.com\/fi\/wp-json\/wp\/v2\/media?parent=1481"}],"curies":[{"name":"wp","href":"https:\/\/api.w.org\/{rel}","templated":true}]}}