{"id":1399,"date":"2024-03-04T14:11:22","date_gmt":"2024-03-04T14:11:22","guid":{"rendered":"https:\/\/yelloyello.com\/?page_id=1399"},"modified":"2024-03-04T14:11:23","modified_gmt":"2024-03-04T14:11:23","slug":"allmanna-villkor","status":"publish","type":"page","link":"https:\/\/yelloyello.com\/sv\/allmanna-villkor\/","title":{"rendered":"Allm\u00e4nna villkor"},"content":{"rendered":"\n<h2 class=\"wp-block-heading\">Kommentarer<\/h2>\n\n\n\n<p>N\u00e4r bes\u00f6kare l\u00e4mnar kommentarer p\u00e5 webbplatsen samlar vi in de uppgifter som visas i kommentarsformul\u00e4ret, samt bes\u00f6karens IP-adress och webbl\u00e4sarens anv\u00e4ndaragentstr\u00e4ng f\u00f6r att hj\u00e4lpa till att uppt\u00e4cka skr\u00e4ppost.<\/p>\n\n\n\n<h2 class=\"wp-block-heading\">Media<\/h2>\n\n\n\n<p>Om du laddar upp bilder till webbplatsen b\u00f6r du undvika att ladda upp bilder med inb\u00e4ddad platsdata (EXIF GPS) inkluderad. Bes\u00f6kare p\u00e5 webbplatsen kan ladda ner och extrahera eventuell platsdata fr\u00e5n bilder p\u00e5 webbplatsen.<\/p>\n\n\n\n<h2 class=\"wp-block-heading\">Cookies<\/h2>\n\n\n\n<p>Precis som m\u00e5nga andra onlinetj\u00e4nster \u00e4r v\u00e5r webbplats beroende av f\u00f6rsta- och tredjepartscookies av olika sk\u00e4l. F\u00f6rstapartscookies \u00e4r n\u00f6dv\u00e4ndiga f\u00f6r att webbplatsen ska fungera korrekt, och de lagrar inte n\u00e5gon av din personliga information.<\/p>\n\n\n\n<p>De tredjepartscookies som vi anv\u00e4nder p\u00e5 v\u00e5r webbplats hj\u00e4lper oss att m\u00e4ta webbplatsens prestanda, ditt engagemang med v\u00e5r webbplats, v\u00e5ra s\u00e4kerhetsfunktioner, de annonser som matchar dina intressen, och \u00f6vergripande din anv\u00e4ndarupplevelse och tillfredsst\u00e4llelse. De g\u00f6r ocks\u00e5 dina framtida bes\u00f6k p\u00e5 v\u00e5r webbplats snabbare och enklare.<\/p>\n\n\n\n<p>Om du vill \u00e4ndra dina val senare under din surfningssession kan du v\u00e4lja fliken \u201cIntegritet och cookiepolicy\u201d p\u00e5 din sk\u00e4rm. Detta kommer att visa samtyckesmeddelandet igen s\u00e5 att du kan justera dina val eller \u00e5terkalla ditt samtycke helt.<\/p>\n\n\n\n<p>Dessutom har olika webbl\u00e4sare olika s\u00e4tt att blockera och ta bort cookies som webbplatser anv\u00e4nder. Du kan \u00e4ndra inst\u00e4llningarna i din webbl\u00e4sare f\u00f6r att blockera\/ta bort cookies.<\/p>\n\n\n\n<h2 class=\"wp-block-heading\">Inb\u00e4ddat inneh\u00e5ll fr\u00e5n andra webbplatser<\/h2>\n\n\n\n<p>Artiklar p\u00e5 den h\u00e4r webbplatsen kan inneh\u00e5lla inb\u00e4ddat inneh\u00e5ll (t.ex. videor, bilder, artiklar, etc.). Inb\u00e4ddat inneh\u00e5ll fr\u00e5n andra webbplatser beter sig p\u00e5 exakt samma s\u00e4tt som om bes\u00f6karen har bes\u00f6kt den andra webbplatsen.<\/p>\n\n\n\n<p>Dessa webbplatser kan samla in data om dig, anv\u00e4nda cookies, b\u00e4dda in ytterligare sp\u00e5rning fr\u00e5n tredje part och \u00f6vervaka din interaktion med det inb\u00e4ddade inneh\u00e5llet, inklusive att sp\u00e5ra din interaktion med det inb\u00e4ddade inneh\u00e5llet.<\/p>\n\n\n\n<h2 class=\"wp-block-heading\">Hur l\u00e4nge vi beh\u00e5ller dina uppgifter<\/h2>\n\n\n\n<p>Om du l\u00e4mnar en kommentar beh\u00e5lls kommentaren och dess metadata p\u00e5 obest\u00e4md tid. Detta \u00e4r s\u00e5 att vi kan k\u00e4nna igen och godk\u00e4nna eventuella uppf\u00f6ljningskommentarer automatiskt ist\u00e4llet f\u00f6r att h\u00e5lla dem i en modereringsk\u00f6. Webbplatsadministrat\u00f6rer kan ocks\u00e5 se och redigera den informationen.<\/p>\n\n\n\n<h2 class=\"wp-block-heading\">Vilka r\u00e4ttigheter du har \u00f6ver dina uppgifter<\/h2>\n\n\n\n<p>Om du har ett konto p\u00e5 den h\u00e4r webbplatsen, eller har l\u00e4mnat kommentarer, kan du beg\u00e4ra att f\u00e5 en exporterad fil med de personuppgifter vi har om dig, inklusive alla uppgifter du har l\u00e4mnat till oss. Du kan ocks\u00e5 beg\u00e4ra att vi raderar alla personuppgifter vi har om dig. Detta inkluderar inte n\u00e5gra uppgifter som vi \u00e4r skyldiga att beh\u00e5lla av administrativa, juridiska eller s\u00e4kerhetssk\u00e4l.<\/p>\n\n\n\n<h2 class=\"wp-block-heading\">Vart dina uppgifter skickas<\/h2>\n\n\n\n<p>Bes\u00f6kares kommentarer kan kontrolleras via en automatisk tj\u00e4nst f\u00f6r skr\u00e4ppostdetektering.<\/p>\n","protected":false},"excerpt":{"rendered":"<p>Kommentarer N\u00e4r bes\u00f6kare l\u00e4mnar kommentarer p\u00e5 webbplatsen samlar vi in de uppgifter som visas i kommentarsformul\u00e4ret, samt bes\u00f6karens IP-adress och webbl\u00e4sarens anv\u00e4ndaragentstr\u00e4ng f\u00f6r att hj\u00e4lpa till att uppt\u00e4cka skr\u00e4ppost. Media Om du laddar upp bilder till webbplatsen b\u00f6r du undvika att ladda upp bilder med inb\u00e4ddad platsdata (EXIF GPS) inkluderad. Bes\u00f6kare p\u00e5 webbplatsen kan ladda [&hellip;]<\/p>\n","protected":false},"author":1,"featured_media":0,"parent":0,"menu_order":0,"comment_status":"closed","ping_status":"closed","template":"","meta":{"footnotes":""},"class_list":["post-1399","page","type-page","status-publish","hentry"],"_links":{"self":[{"href":"https:\/\/yelloyello.com\/sv\/wp-json\/wp\/v2\/pages\/1399","targetHints":{"allow":["GET"]}}],"collection":[{"href":"https:\/\/yelloyello.com\/sv\/wp-json\/wp\/v2\/pages"}],"about":[{"href":"https:\/\/yelloyello.com\/sv\/wp-json\/wp\/v2\/types\/page"}],"author":[{"embeddable":true,"href":"https:\/\/yelloyello.com\/sv\/wp-json\/wp\/v2\/users\/1"}],"replies":[{"embeddable":true,"href":"https:\/\/yelloyello.com\/sv\/wp-json\/wp\/v2\/comments?post=1399"}],"version-history":[{"count":1,"href":"https:\/\/yelloyello.com\/sv\/wp-json\/wp\/v2\/pages\/1399\/revisions"}],"predecessor-version":[{"id":1400,"href":"https:\/\/yelloyello.com\/sv\/wp-json\/wp\/v2\/pages\/1399\/revisions\/1400"}],"wp:attachment":[{"href":"https:\/\/yelloyello.com\/sv\/wp-json\/wp\/v2\/media?parent=1399"}],"curies":[{"name":"wp","href":"https:\/\/api.w.org\/{rel}","templated":true}]}}